{"id":92,"date":"2022-07-18T15:42:21","date_gmt":"2022-07-18T15:42:21","guid":{"rendered":"https:\/\/movepark.local\/?page_id=92"},"modified":"2024-04-02T18:55:30","modified_gmt":"2024-04-02T18:55:30","slug":"home","status":"publish","type":"page","link":"https:\/\/movepark.co\/pt\/","title":{"rendered":"Home"},"content":{"rendered":"<h2>Conhe\u00e7a o sistema de reserva para estacionamentos<\/h2>\n<p>O sistema de reserva para estacionamentos \u00e9 uma plataforma digital que permite a gest\u00e3o de vagas de estacionamentos de forma online. Essa solu\u00e7\u00e3o permite que os clientes reservem vagas de forma antecipada, o que facilita a busca por um <a href=\"https:\/\/movepark.local\/aeroporto-guarulhos\/conheca-os-5-principais-estacionamentos-no-aeroporto-de-guarulhos-em-2023\/\">local para estacionar<\/a>.<\/p>\n<p>Al\u00e9m disso, o sistema permite que os <a href=\"https:\/\/poncepark.com.br\">estacionamentos<\/a> gerenciem as vagas dispon\u00edveis de forma mais eficiente, evitando que haja um excesso de carros no local.<\/p>\n<p><img loading=\"lazy\" decoding=\"async\" class=\"alignnone size-medium wp-image-401\" src=\"https:\/\/movepark.local\/wp-content\/uploads\/sites\/2\/2023\/01\/Como-encontrar-o-melhor-estacionamento-no-aeroporto-de-Guarulhos-300x219.png\" alt=\"Sistema de Reserva Online de Estacionamentos\" width=\"300\" height=\"219\" srcset=\"https:\/\/movepark.co\/pt\/wp-content\/uploads\/sites\/2\/2023\/01\/Como-encontrar-o-melhor-estacionamento-no-aeroporto-de-Guarulhos-300x219.png 300w, https:\/\/movepark.co\/pt\/wp-content\/uploads\/sites\/2\/2023\/01\/Como-encontrar-o-melhor-estacionamento-no-aeroporto-de-Guarulhos-1024x746.png 1024w, https:\/\/movepark.co\/pt\/wp-content\/uploads\/sites\/2\/2023\/01\/Como-encontrar-o-melhor-estacionamento-no-aeroporto-de-Guarulhos-768x560.png 768w, https:\/\/movepark.co\/pt\/wp-content\/uploads\/sites\/2\/2023\/01\/Como-encontrar-o-melhor-estacionamento-no-aeroporto-de-Guarulhos-1536x1120.png 1536w, https:\/\/movepark.co\/pt\/wp-content\/uploads\/sites\/2\/2023\/01\/Como-encontrar-o-melhor-estacionamento-no-aeroporto-de-Guarulhos-2048x1493.png 2048w\" sizes=\"auto, (max-width: 300px) 100vw, 300px\" \/><\/p>\n<p>&nbsp;<\/p>\n","protected":false},"excerpt":{"rendered":"<p>Conhe\u00e7a o sistema de reserva para estacionamentos O sistema de reserva para estacionamentos \u00e9 uma plataforma digital que permite a gest\u00e3o de vagas de estacionamentos de forma online. Essa solu\u00e7\u00e3o permite que os clientes reservem vagas de forma antecipada, o que facilita a busca por um local para estacionar. Al\u00e9m disso, o sistema permite que [&hellip;]<\/p>\n","protected":false},"author":1,"featured_media":0,"parent":0,"menu_order":0,"comment_status":"closed","ping_status":"closed","template":"","meta":{"footnotes":""},"class_list":["post-92","page","type-page","status-publish","hentry"],"acf":[],"yoast_head":"<!-- This site is optimized with the Yoast SEO plugin v20.9 - https:\/\/yoast.com\/wordpress\/plugins\/seo\/ -->\n<title>Sistema de Reserva para Estacionamentos - Movepark<\/title>\n<meta name=\"description\" content=\"Garanta sua vaga com anteced\u00eancia usando nosso sistema de reserva para estacionamentos. F\u00e1cil e seguro, agende agora mesmo.\" \/>\n<meta name=\"robots\" content=\"index, follow, max-snippet:-1, max-image-preview:large, max-video-preview:-1\" \/>\n<link rel=\"canonical\" href=\"https:\/\/movepark.co\/pt\/\" \/>\n<meta property=\"og:locale\" content=\"pt_PT\" \/>\n<meta property=\"og:type\" content=\"article\" \/>\n<meta property=\"og:title\" content=\"Sistema de Reserva para Estacionamentos - Movepark\" \/>\n<meta property=\"og:description\" content=\"Garanta sua vaga com anteced\u00eancia usando nosso sistema de reserva para estacionamentos. F\u00e1cil e seguro, agende agora mesmo.\" \/>\n<meta property=\"og:url\" content=\"https:\/\/movepark.co\/pt\/\" \/>\n<meta property=\"og:site_name\" content=\"Movepark Portugal\" \/>\n<meta property=\"article:modified_time\" content=\"2024-04-02T18:55:30+00:00\" \/>\n<meta property=\"og:image\" content=\"https:\/\/movepark.local\/wp-content\/uploads\/sites\/2\/2023\/01\/Como-encontrar-o-melhor-estacionamento-no-aeroporto-de-Guarulhos-300x219.png\" \/>\n<meta name=\"twitter:card\" content=\"summary_large_image\" \/>\n<meta name=\"twitter:label1\" content=\"Est. reading time\" \/>\n\t<meta name=\"twitter:data1\" content=\"1 minuto\" \/>\n<script type=\"application\/ld+json\" class=\"yoast-schema-graph\">{\"@context\":\"https:\/\/schema.org\",\"@graph\":[{\"@type\":\"WebPage\",\"@id\":\"https:\/\/movepark.co\/pt\/\",\"url\":\"https:\/\/movepark.co\/pt\/\",\"name\":\"Sistema de Reserva para Estacionamentos - Movepark\",\"isPartOf\":{\"@id\":\"https:\/\/movepark.co\/pt\/#website\"},\"datePublished\":\"2022-07-18T15:42:21+00:00\",\"dateModified\":\"2024-04-02T18:55:30+00:00\",\"description\":\"Garanta sua vaga com anteced\u00eancia usando nosso sistema de reserva para estacionamentos. F\u00e1cil e seguro, agende agora mesmo.\",\"inLanguage\":\"pt-PT\",\"potentialAction\":[{\"@type\":\"ReadAction\",\"target\":[\"https:\/\/movepark.co\/pt\/\"]}]},{\"@type\":\"WebSite\",\"@id\":\"https:\/\/movepark.co\/pt\/#website\",\"url\":\"https:\/\/movepark.co\/pt\/\",\"name\":\"Movepark Portugal\",\"description\":\"\",\"potentialAction\":[{\"@type\":\"SearchAction\",\"target\":{\"@type\":\"EntryPoint\",\"urlTemplate\":\"https:\/\/movepark.co\/pt\/?s={search_term_string}\"},\"query-input\":\"required name=search_term_string\"}],\"inLanguage\":\"pt-PT\"}]}<\/script>\n<!-- \/ Yoast SEO plugin. -->","yoast_head_json":{"title":"Sistema de Reserva para Estacionamentos - Movepark","description":"Garanta sua vaga com anteced\u00eancia usando nosso sistema de reserva para estacionamentos. F\u00e1cil e seguro, agende agora mesmo.","robots":{"index":"index","follow":"follow","max-snippet":"max-snippet:-1","max-image-preview":"max-image-preview:large","max-video-preview":"max-video-preview:-1"},"canonical":"https:\/\/movepark.co\/pt\/","og_locale":"pt_PT","og_type":"article","og_title":"Sistema de Reserva para Estacionamentos - Movepark","og_description":"Garanta sua vaga com anteced\u00eancia usando nosso sistema de reserva para estacionamentos. F\u00e1cil e seguro, agende agora mesmo.","og_url":"https:\/\/movepark.co\/pt\/","og_site_name":"Movepark Portugal","article_modified_time":"2024-04-02T18:55:30+00:00","og_image":[{"url":"https:\/\/movepark.local\/wp-content\/uploads\/sites\/2\/2023\/01\/Como-encontrar-o-melhor-estacionamento-no-aeroporto-de-Guarulhos-300x219.png"}],"twitter_card":"summary_large_image","twitter_misc":{"Est. reading time":"1 minuto"},"schema":{"@context":"https:\/\/schema.org","@graph":[{"@type":"WebPage","@id":"https:\/\/movepark.co\/pt\/","url":"https:\/\/movepark.co\/pt\/","name":"Sistema de Reserva para Estacionamentos - Movepark","isPartOf":{"@id":"https:\/\/movepark.co\/pt\/#website"},"datePublished":"2022-07-18T15:42:21+00:00","dateModified":"2024-04-02T18:55:30+00:00","description":"Garanta sua vaga com anteced\u00eancia usando nosso sistema de reserva para estacionamentos. F\u00e1cil e seguro, agende agora mesmo.","inLanguage":"pt-PT","potentialAction":[{"@type":"ReadAction","target":["https:\/\/movepark.co\/pt\/"]}]},{"@type":"WebSite","@id":"https:\/\/movepark.co\/pt\/#website","url":"https:\/\/movepark.co\/pt\/","name":"Movepark Portugal","description":"","potentialAction":[{"@type":"SearchAction","target":{"@type":"EntryPoint","urlTemplate":"https:\/\/movepark.co\/pt\/?s={search_term_string}"},"query-input":"required name=search_term_string"}],"inLanguage":"pt-PT"}]}},"_links":{"self":[{"href":"https:\/\/movepark.co\/pt\/wp-json\/wp\/v2\/pages\/92","targetHints":{"allow":["GET"]}}],"collection":[{"href":"https:\/\/movepark.co\/pt\/wp-json\/wp\/v2\/pages"}],"about":[{"href":"https:\/\/movepark.co\/pt\/wp-json\/wp\/v2\/types\/page"}],"author":[{"embeddable":true,"href":"https:\/\/movepark.co\/pt\/wp-json\/wp\/v2\/users\/1"}],"replies":[{"embeddable":true,"href":"https:\/\/movepark.co\/pt\/wp-json\/wp\/v2\/comments?post=92"}],"version-history":[{"count":16,"href":"https:\/\/movepark.co\/pt\/wp-json\/wp\/v2\/pages\/92\/revisions"}],"predecessor-version":[{"id":780,"href":"https:\/\/movepark.co\/pt\/wp-json\/wp\/v2\/pages\/92\/revisions\/780"}],"wp:attachment":[{"href":"https:\/\/movepark.co\/pt\/wp-json\/wp\/v2\/media?parent=92"}],"curies":[{"name":"wp","href":"https:\/\/api.w.org\/{rel}","templated":true}]}}