{"id":94,"date":"2022-07-18T15:42:29","date_gmt":"2022-07-18T15:42:29","guid":{"rendered":"https:\/\/movepark.local\/?page_id=94"},"modified":"2023-07-13T20:17:16","modified_gmt":"2023-07-13T20:17:16","slug":"o-sistema","status":"publish","type":"page","link":"https:\/\/movepark.co\/pt\/o-sistema\/","title":{"rendered":"O Sistema"},"content":{"rendered":"<div class=\"group w-full text-gray-800 dark:text-gray-100 border-b border-black\/10 dark:border-gray-900\/50 bg-gray-50 dark:bg-[#444654] sm:AIPRM__conversation__response\">\n<div class=\"text-base gap-4 md:gap-6 md:max-w-2xl lg:max-w-xl xl:max-w-3xl p-4 md:py-6 flex lg:px-0 m-auto\">\n<div class=\"relative flex w-[calc(100%-50px)] flex-col gap-1 md:gap-3 lg:w-[calc(100%-115px)]\">\n<div class=\"flex flex-grow flex-col gap-3\">\n<div class=\"min-h-[20px] flex flex-col items-start gap-4 whitespace-pre-wrap\">\n<div class=\"markdown prose w-full break-words dark:prose-invert dark AIPRM__conversation__response\">\n<p>Com o aumento do n\u00famero de carros nas cidades, encontrar um lugar para estacionar se tornou uma tarefa dif\u00edcil. Para piorar, muitos <a href=\"https:\/\/movepark.local\/estacionamentos\/\">estacionamentos<\/a> n\u00e3o possuem um sistema eficiente de gest\u00e3o de vagas, o que acaba causando transtornos para os clientes.<\/p>\n<p>Por\u00e9m, com o avan\u00e7o da tecnologia, solu\u00e7\u00f5es inovadoras t\u00eam surgido para solucionar esse problema. Uma dessas solu\u00e7\u00f5es \u00e9 o Sistema de Reserva Online para Estacionamentos, que permite a gest\u00e3o de vagas de forma simples, eficiente e pr\u00e1tica.<\/p>\n<p>Neste artigo, vamos explicar o que \u00e9 o Sistema de Reserva Online para Estacionamentos e como ele funciona. Al\u00e9m disso, mostraremos como essa solu\u00e7\u00e3o pode beneficiar tanto os estacionamentos quanto os clientes.<\/p>\n<\/div>\n<\/div>\n<\/div>\n<\/div>\n<\/div>\n<\/div>\n","protected":false},"excerpt":{"rendered":"<p>Com o aumento do n\u00famero de carros nas cidades, encontrar um lugar para estacionar se tornou uma tarefa dif\u00edcil. Para piorar, muitos estacionamentos n\u00e3o possuem um sistema eficiente de gest\u00e3o de vagas, o que acaba causando transtornos para os clientes. Por\u00e9m, com o avan\u00e7o da tecnologia, solu\u00e7\u00f5es inovadoras t\u00eam surgido para solucionar esse problema. Uma [&hellip;]<\/p>\n","protected":false},"author":1,"featured_media":0,"parent":0,"menu_order":0,"comment_status":"closed","ping_status":"closed","template":"","meta":{"footnotes":""},"class_list":["post-94","page","type-page","status-publish","hentry"],"acf":[],"yoast_head":"<!-- This site is optimized with the Yoast SEO plugin v20.9 - https:\/\/yoast.com\/wordpress\/plugins\/seo\/ -->\n<title>Sistema de Reserva Online para Estacionamentos<\/title>\n<meta name=\"description\" content=\"Descubra como o Sistema de Reserva Online para Estacionamentos pode ajudar na gest\u00e3o de vagas em estacionamentos de forma eficiente e pr\u00e1tica\" \/>\n<meta name=\"robots\" content=\"index, follow, max-snippet:-1, max-image-preview:large, max-video-preview:-1\" \/>\n<link rel=\"canonical\" href=\"https:\/\/movepark.co\/pt\/o-sistema\/\" \/>\n<meta property=\"og:locale\" content=\"pt_PT\" \/>\n<meta property=\"og:type\" content=\"article\" \/>\n<meta property=\"og:title\" content=\"Sistema de Reserva Online para Estacionamentos\" \/>\n<meta property=\"og:description\" content=\"Descubra como o Sistema de Reserva Online para Estacionamentos pode ajudar na gest\u00e3o de vagas em estacionamentos de forma eficiente e pr\u00e1tica\" \/>\n<meta property=\"og:url\" content=\"https:\/\/movepark.co\/pt\/o-sistema\/\" \/>\n<meta property=\"og:site_name\" content=\"Movepark Portugal\" \/>\n<meta property=\"article:modified_time\" content=\"2023-07-13T20:17:16+00:00\" \/>\n<meta name=\"twitter:card\" content=\"summary_large_image\" \/>\n<meta name=\"twitter:label1\" content=\"Est. reading time\" \/>\n\t<meta name=\"twitter:data1\" content=\"1 minuto\" \/>\n<script type=\"application\/ld+json\" class=\"yoast-schema-graph\">{\"@context\":\"https:\/\/schema.org\",\"@graph\":[{\"@type\":\"WebPage\",\"@id\":\"https:\/\/movepark.co\/pt\/o-sistema\/\",\"url\":\"https:\/\/movepark.co\/pt\/o-sistema\/\",\"name\":\"Sistema de Reserva Online para Estacionamentos\",\"isPartOf\":{\"@id\":\"https:\/\/movepark.co\/pt\/#website\"},\"datePublished\":\"2022-07-18T15:42:29+00:00\",\"dateModified\":\"2023-07-13T20:17:16+00:00\",\"description\":\"Descubra como o Sistema de Reserva Online para Estacionamentos pode ajudar na gest\u00e3o de vagas em estacionamentos de forma eficiente e pr\u00e1tica\",\"inLanguage\":\"pt-PT\",\"potentialAction\":[{\"@type\":\"ReadAction\",\"target\":[\"https:\/\/movepark.co\/pt\/o-sistema\/\"]}]},{\"@type\":\"WebSite\",\"@id\":\"https:\/\/movepark.co\/pt\/#website\",\"url\":\"https:\/\/movepark.co\/pt\/\",\"name\":\"Movepark Portugal\",\"description\":\"\",\"potentialAction\":[{\"@type\":\"SearchAction\",\"target\":{\"@type\":\"EntryPoint\",\"urlTemplate\":\"https:\/\/movepark.co\/pt\/?s={search_term_string}\"},\"query-input\":\"required name=search_term_string\"}],\"inLanguage\":\"pt-PT\"}]}<\/script>\n<!-- \/ Yoast SEO plugin. -->","yoast_head_json":{"title":"Sistema de Reserva Online para Estacionamentos","description":"Descubra como o Sistema de Reserva Online para Estacionamentos pode ajudar na gest\u00e3o de vagas em estacionamentos de forma eficiente e pr\u00e1tica","robots":{"index":"index","follow":"follow","max-snippet":"max-snippet:-1","max-image-preview":"max-image-preview:large","max-video-preview":"max-video-preview:-1"},"canonical":"https:\/\/movepark.co\/pt\/o-sistema\/","og_locale":"pt_PT","og_type":"article","og_title":"Sistema de Reserva Online para Estacionamentos","og_description":"Descubra como o Sistema de Reserva Online para Estacionamentos pode ajudar na gest\u00e3o de vagas em estacionamentos de forma eficiente e pr\u00e1tica","og_url":"https:\/\/movepark.co\/pt\/o-sistema\/","og_site_name":"Movepark Portugal","article_modified_time":"2023-07-13T20:17:16+00:00","twitter_card":"summary_large_image","twitter_misc":{"Est. reading time":"1 minuto"},"schema":{"@context":"https:\/\/schema.org","@graph":[{"@type":"WebPage","@id":"https:\/\/movepark.co\/pt\/o-sistema\/","url":"https:\/\/movepark.co\/pt\/o-sistema\/","name":"Sistema de Reserva Online para Estacionamentos","isPartOf":{"@id":"https:\/\/movepark.co\/pt\/#website"},"datePublished":"2022-07-18T15:42:29+00:00","dateModified":"2023-07-13T20:17:16+00:00","description":"Descubra como o Sistema de Reserva Online para Estacionamentos pode ajudar na gest\u00e3o de vagas em estacionamentos de forma eficiente e pr\u00e1tica","inLanguage":"pt-PT","potentialAction":[{"@type":"ReadAction","target":["https:\/\/movepark.co\/pt\/o-sistema\/"]}]},{"@type":"WebSite","@id":"https:\/\/movepark.co\/pt\/#website","url":"https:\/\/movepark.co\/pt\/","name":"Movepark Portugal","description":"","potentialAction":[{"@type":"SearchAction","target":{"@type":"EntryPoint","urlTemplate":"https:\/\/movepark.co\/pt\/?s={search_term_string}"},"query-input":"required name=search_term_string"}],"inLanguage":"pt-PT"}]}},"_links":{"self":[{"href":"https:\/\/movepark.co\/pt\/wp-json\/wp\/v2\/pages\/94","targetHints":{"allow":["GET"]}}],"collection":[{"href":"https:\/\/movepark.co\/pt\/wp-json\/wp\/v2\/pages"}],"about":[{"href":"https:\/\/movepark.co\/pt\/wp-json\/wp\/v2\/types\/page"}],"author":[{"embeddable":true,"href":"https:\/\/movepark.co\/pt\/wp-json\/wp\/v2\/users\/1"}],"replies":[{"embeddable":true,"href":"https:\/\/movepark.co\/pt\/wp-json\/wp\/v2\/comments?post=94"}],"version-history":[{"count":5,"href":"https:\/\/movepark.co\/pt\/wp-json\/wp\/v2\/pages\/94\/revisions"}],"predecessor-version":[{"id":746,"href":"https:\/\/movepark.co\/pt\/wp-json\/wp\/v2\/pages\/94\/revisions\/746"}],"wp:attachment":[{"href":"https:\/\/movepark.co\/pt\/wp-json\/wp\/v2\/media?parent=94"}],"curies":[{"name":"wp","href":"https:\/\/api.w.org\/{rel}","templated":true}]}}