{"id":98,"date":"2022-07-18T15:42:44","date_gmt":"2022-07-18T15:42:44","guid":{"rendered":"https:\/\/movepark.local\/?page_id=98"},"modified":"2022-07-18T15:42:44","modified_gmt":"2022-07-18T15:42:44","slug":"blog","status":"publish","type":"page","link":"https:\/\/movepark.co\/pt\/blog\/","title":{"rendered":"Blog"},"content":{"rendered":"<p>Bem-vindo ao nosso guia completo de <a href=\"https:\/\/movepark.local\/estacionamentos\/\">estacionamentos de aeroportos<\/a>. Se voc\u00ea precisa estacionar o seu carro durante uma viagem de avi\u00e3o, provavelmente j\u00e1 sabe que encontrar um local seguro e acess\u00edvel pode ser um desafio. Nesta p\u00e1gina, iremos ajud\u00e1-lo a entender tudo o que precisa saber sobre estacionamentos de aeroportos, para que voc\u00ea possa encontrar a vaga perfeita sem estresse.<\/p>\n<p>Primeiro, \u00e9 importante entender as op\u00e7\u00f5es dispon\u00edveis. Os <a href=\"https:\/\/movepark.local\/aeroporto-guarulhos\/estacionamento-aeroporto-guarulhos-veja-o-preco-dos-principais-estacionamentos\/\">estacionamentos de aeroportos<\/a> geralmente oferecem tr\u00eas tipos de vagas: curto prazo, longo prazo e valet. Vagas de curto prazo s\u00e3o ideais para quem precisa estacionar por algumas horas ou dias, enquanto vagas de longo prazo s\u00e3o mais adequadas para viagens mais longas, como uma semana ou mais. Valet \u00e9 uma op\u00e7\u00e3o de luxo, onde um funcion\u00e1rio do estacionamento estaciona o seu carro para voc\u00ea.<\/p>\n<p>Outro fator a considerar \u00e9 a dist\u00e2ncia entre o <a href=\"https:\/\/poncepark.com.br\">estacionamento<\/a> e o terminal do aeroporto. Alguns <a href=\"https:\/\/movepark.local\/estacionamento\/ponce-park-guarulhos\/\">estacionamentos<\/a> est\u00e3o localizados a uma curta caminhada do terminal, enquanto outros exigem que voc\u00ea pegue um \u00f4nibus ou outro transporte para chegar ao seu destino.<\/p>\n","protected":false},"excerpt":{"rendered":"<p>Bem-vindo ao nosso guia completo de estacionamentos de aeroportos. Se voc\u00ea precisa estacionar o seu carro durante uma viagem de avi\u00e3o, provavelmente j\u00e1 sabe que encontrar um local seguro e acess\u00edvel pode ser um desafio. Nesta p\u00e1gina, iremos ajud\u00e1-lo a entender tudo o que precisa saber sobre estacionamentos de aeroportos, para que voc\u00ea possa encontrar [&hellip;]<\/p>\n","protected":false},"author":1,"featured_media":0,"parent":0,"menu_order":0,"comment_status":"closed","ping_status":"closed","template":"","meta":{"footnotes":""},"class_list":["post-98","page","type-page","status-publish","hentry"],"acf":[],"yoast_head":"<!-- This site is optimized with the Yoast SEO plugin v20.9 - https:\/\/yoast.com\/wordpress\/plugins\/seo\/ -->\n<title>Blog Movepark - Tudo sobre estacionamentos de aeroportos<\/title>\n<meta name=\"description\" content=\"Descubra tudo o que precisa saber sobre estacionamentos de aeroportos: localiza\u00e7\u00e3o, pre\u00e7os, hor\u00e1rios, servi\u00e7os adicionais e muito mais.\" \/>\n<meta name=\"robots\" content=\"index, follow, max-snippet:-1, max-image-preview:large, max-video-preview:-1\" \/>\n<link rel=\"canonical\" href=\"https:\/\/movepark.co\/pt\/blog\/\" \/>\n<meta property=\"og:locale\" content=\"pt_PT\" \/>\n<meta property=\"og:type\" content=\"article\" \/>\n<meta property=\"og:title\" content=\"Blog Movepark - Tudo sobre estacionamentos de aeroportos\" \/>\n<meta property=\"og:description\" content=\"Descubra tudo o que precisa saber sobre estacionamentos de aeroportos: localiza\u00e7\u00e3o, pre\u00e7os, hor\u00e1rios, servi\u00e7os adicionais e muito mais.\" \/>\n<meta property=\"og:url\" content=\"https:\/\/movepark.co\/pt\/blog\/\" \/>\n<meta property=\"og:site_name\" content=\"Movepark Portugal\" \/>\n<meta name=\"twitter:card\" content=\"summary_large_image\" \/>\n<meta name=\"twitter:label1\" content=\"Est. reading time\" \/>\n\t<meta name=\"twitter:data1\" content=\"1 minuto\" \/>\n<script type=\"application\/ld+json\" class=\"yoast-schema-graph\">{\"@context\":\"https:\/\/schema.org\",\"@graph\":[{\"@type\":\"WebPage\",\"@id\":\"https:\/\/movepark.co\/pt\/blog\/\",\"url\":\"https:\/\/movepark.co\/pt\/blog\/\",\"name\":\"Blog Movepark - Tudo sobre estacionamentos de aeroportos\",\"isPartOf\":{\"@id\":\"https:\/\/movepark.co\/pt\/#website\"},\"datePublished\":\"2022-07-18T15:42:44+00:00\",\"dateModified\":\"2022-07-18T15:42:44+00:00\",\"description\":\"Descubra tudo o que precisa saber sobre estacionamentos de aeroportos: localiza\u00e7\u00e3o, pre\u00e7os, hor\u00e1rios, servi\u00e7os adicionais e muito mais.\",\"inLanguage\":\"pt-PT\",\"potentialAction\":[{\"@type\":\"ReadAction\",\"target\":[\"https:\/\/movepark.co\/pt\/blog\/\"]}]},{\"@type\":\"WebSite\",\"@id\":\"https:\/\/movepark.co\/pt\/#website\",\"url\":\"https:\/\/movepark.co\/pt\/\",\"name\":\"Movepark Portugal\",\"description\":\"\",\"potentialAction\":[{\"@type\":\"SearchAction\",\"target\":{\"@type\":\"EntryPoint\",\"urlTemplate\":\"https:\/\/movepark.co\/pt\/?s={search_term_string}\"},\"query-input\":\"required name=search_term_string\"}],\"inLanguage\":\"pt-PT\"}]}<\/script>\n<!-- \/ Yoast SEO plugin. -->","yoast_head_json":{"title":"Blog Movepark - Tudo sobre estacionamentos de aeroportos","description":"Descubra tudo o que precisa saber sobre estacionamentos de aeroportos: localiza\u00e7\u00e3o, pre\u00e7os, hor\u00e1rios, servi\u00e7os adicionais e muito mais.","robots":{"index":"index","follow":"follow","max-snippet":"max-snippet:-1","max-image-preview":"max-image-preview:large","max-video-preview":"max-video-preview:-1"},"canonical":"https:\/\/movepark.co\/pt\/blog\/","og_locale":"pt_PT","og_type":"article","og_title":"Blog Movepark - Tudo sobre estacionamentos de aeroportos","og_description":"Descubra tudo o que precisa saber sobre estacionamentos de aeroportos: localiza\u00e7\u00e3o, pre\u00e7os, hor\u00e1rios, servi\u00e7os adicionais e muito mais.","og_url":"https:\/\/movepark.co\/pt\/blog\/","og_site_name":"Movepark Portugal","twitter_card":"summary_large_image","twitter_misc":{"Est. reading time":"1 minuto"},"schema":{"@context":"https:\/\/schema.org","@graph":[{"@type":"WebPage","@id":"https:\/\/movepark.co\/pt\/blog\/","url":"https:\/\/movepark.co\/pt\/blog\/","name":"Blog Movepark - Tudo sobre estacionamentos de aeroportos","isPartOf":{"@id":"https:\/\/movepark.co\/pt\/#website"},"datePublished":"2022-07-18T15:42:44+00:00","dateModified":"2022-07-18T15:42:44+00:00","description":"Descubra tudo o que precisa saber sobre estacionamentos de aeroportos: localiza\u00e7\u00e3o, pre\u00e7os, hor\u00e1rios, servi\u00e7os adicionais e muito mais.","inLanguage":"pt-PT","potentialAction":[{"@type":"ReadAction","target":["https:\/\/movepark.co\/pt\/blog\/"]}]},{"@type":"WebSite","@id":"https:\/\/movepark.co\/pt\/#website","url":"https:\/\/movepark.co\/pt\/","name":"Movepark Portugal","description":"","potentialAction":[{"@type":"SearchAction","target":{"@type":"EntryPoint","urlTemplate":"https:\/\/movepark.co\/pt\/?s={search_term_string}"},"query-input":"required name=search_term_string"}],"inLanguage":"pt-PT"}]}},"_links":{"self":[{"href":"https:\/\/movepark.co\/pt\/wp-json\/wp\/v2\/pages\/98","targetHints":{"allow":["GET"]}}],"collection":[{"href":"https:\/\/movepark.co\/pt\/wp-json\/wp\/v2\/pages"}],"about":[{"href":"https:\/\/movepark.co\/pt\/wp-json\/wp\/v2\/types\/page"}],"author":[{"embeddable":true,"href":"https:\/\/movepark.co\/pt\/wp-json\/wp\/v2\/users\/1"}],"replies":[{"embeddable":true,"href":"https:\/\/movepark.co\/pt\/wp-json\/wp\/v2\/comments?post=98"}],"version-history":[{"count":0,"href":"https:\/\/movepark.co\/pt\/wp-json\/wp\/v2\/pages\/98\/revisions"}],"wp:attachment":[{"href":"https:\/\/movepark.co\/pt\/wp-json\/wp\/v2\/media?parent=98"}],"curies":[{"name":"wp","href":"https:\/\/api.w.org\/{rel}","templated":true}]}}